{"id":341,"date":"2026-05-13T12:50:27","date_gmt":"2026-05-13T12:50:27","guid":{"rendered":"https:\/\/digitalbloke.com\/?page_id=341"},"modified":"2026-05-13T12:51:57","modified_gmt":"2026-05-13T12:51:57","slug":"ty-sp-17","status":"publish","type":"page","link":"https:\/\/digitalbloke.com\/index.php\/ty-sp-17\/","title":{"rendered":"TY-SP-17"},"content":{"rendered":"\t\t<div data-elementor-type=\"wp-page\" data-elementor-id=\"341\" class=\"elementor elementor-341\" data-elementor-post-type=\"page\">\n\t\t\t\t<div class=\"elementor-element elementor-element-71f9cc8 e-flex e-con-boxed e-con e-parent\" data-id=\"71f9cc8\" data-element_type=\"container\" data-e-type=\"container\">\n\t\t\t\t\t<div class=\"e-con-inner\">\n\t\t\t\t<div class=\"elementor-element elementor-element-85916c6 elementor-widget elementor-widget-html\" data-id=\"85916c6\" data-element_type=\"widget\" data-e-type=\"widget\" data-widget_type=\"html.default\">\n\t\t\t\t\t<!-- Event snippet for Purchase conversion page -->\n<script>\n  gtag('event', 'conversion', {\n      'send_to': 'AW-18076414855\/C194CJv3rqccEIfnwKtD',\n      'value': 17.0,\n      'currency': 'USD',\n      'transaction_id': ''\n      \/\/ 'new_customer': true \/* calculate dynamically, populate with true\/false *\/,\n  });\n<\/script>\n\t\t\t\t<\/div>\n\t\t\t\t<div class=\"elementor-element elementor-element-ca15d0a elementor-widget elementor-widget-html\" data-id=\"ca15d0a\" data-element_type=\"widget\" data-e-type=\"widget\" data-widget_type=\"html.default\">\n\t\t\t\t\t<!DOCTYPE html>\n<html lang=\"es\">\n<head>\n  <meta charset=\"UTF-8\">\n  <meta name=\"viewport\" content=\"width=device-width, initial-scale=1\">\n  <title>\u00a1Gracias por tu pedido!<\/title>\n  <style>\n    body{font-family:'Arial',sans-serif;background:#f8f8f8;margin:0;padding:0}\n    .thank-you-container{max-width:600px;margin:40px auto;background:#fff;border-radius:10px;padding:30px;box-shadow:0 0 15px rgba(0,0,0,.1);text-align:center}\n    .thank-you-container h2{color:#2c3e50;font-size:26px;margin-bottom:20px}\n    .highlight{background:#fff3cd;color:#856404;padding:15px;border-radius:8px;font-size:16px;margin-bottom:20px;line-height:1.5}\n    .highlight .warning{font-weight:bold;color:#d9534f}\n    .thank-you-container img{width:100%;max-width:400px;margin:20px auto;border-radius:10px}\n    .thank-you-container p{font-size:16px;color:#333;line-height:1.6}\n    .thank-you-container strong{color:#d9534f}\n  <\/style>\n<\/head>\n<body>\n  <div class=\"thank-you-container\">\n    <h2>\u00a1GRACIAS POR TU PEDIDO!<\/h2>\n    <div class=\"highlight\">\n      <span class=\"warning\">Atenci\u00f3n:<\/span> Recibir\u00e1s un mensaje por <strong>WhatsApp<\/strong> y, posiblemente, una llamada para confirmar tu pedido.<br>\n      <strong>Si no confirmas, el producto NO ser\u00e1 enviado. \u00bfDe acuerdo?<\/strong><br>\n      \u00a1Gracias por tu comprensi\u00f3n!\n    <\/div>\n    <img decoding=\"async\" src=\"https:\/\/digitalbloke.com\/wp-content\/uploads\/2026\/05\/TYu.webp\" alt=\"Servicio de atenci\u00f3n al cliente\">\n    <p>En unos minutos recibir\u00e1s un mensaje por <strong>WHATSAPP<\/strong> con las instrucciones, seguido posiblemente de una llamada para confirmar los datos introducidos.<\/p>\n    <p><strong>Responde en el chat de WhatsApp para confirmar tu pedido.<\/strong><\/p>\n    <p>\u2764\ufe0f \u00a1Gracias por tu confianza!<\/p>\n  <\/div>\n<\/body>\n<\/html>\t\t\t\t<\/div>\n\t\t\t\t\t<\/div>\n\t\t\t\t<\/div>\n\t\t\t\t<\/div>\n\t\t","protected":false},"excerpt":{"rendered":"<p>\u00a1Gracias por tu pedido! \u00a1GRACIAS POR TU PEDIDO! Atenci\u00f3n: Recibir\u00e1s un mensaje por WhatsApp y, posiblemente, una llamada para confirmar tu pedido. Si no confirmas, el producto NO ser\u00e1 enviado. \u00bfDe acuerdo? \u00a1Gracias por tu comprensi\u00f3n! En unos minutos recibir\u00e1s un mensaje por WHATSAPP con las instrucciones, seguido posiblemente de una llamada para confirmar los [&hellip;]<\/p>\n","protected":false},"author":1,"featured_media":0,"parent":0,"menu_order":0,"comment_status":"closed","ping_status":"closed","template":"elementor_canvas","meta":{"footnotes":""},"class_list":["post-341","page","type-page","status-publish","hentry"],"_links":{"self":[{"href":"https:\/\/digitalbloke.com\/index.php\/wp-json\/wp\/v2\/pages\/341","targetHints":{"allow":["GET"]}}],"collection":[{"href":"https:\/\/digitalbloke.com\/index.php\/wp-json\/wp\/v2\/pages"}],"about":[{"href":"https:\/\/digitalbloke.com\/index.php\/wp-json\/wp\/v2\/types\/page"}],"author":[{"embeddable":true,"href":"https:\/\/digitalbloke.com\/index.php\/wp-json\/wp\/v2\/users\/1"}],"replies":[{"embeddable":true,"href":"https:\/\/digitalbloke.com\/index.php\/wp-json\/wp\/v2\/comments?post=341"}],"version-history":[{"count":4,"href":"https:\/\/digitalbloke.com\/index.php\/wp-json\/wp\/v2\/pages\/341\/revisions"}],"predecessor-version":[{"id":352,"href":"https:\/\/digitalbloke.com\/index.php\/wp-json\/wp\/v2\/pages\/341\/revisions\/352"}],"wp:attachment":[{"href":"https:\/\/digitalbloke.com\/index.php\/wp-json\/wp\/v2\/media?parent=341"}],"curies":[{"name":"wp","href":"https:\/\/api.w.org\/{rel}","templated":true}]}}