{"id":317,"date":"2026-05-11T16:15:16","date_gmt":"2026-05-11T16:15:16","guid":{"rendered":"https:\/\/digitalbloke.com\/?page_id=317"},"modified":"2026-05-11T16:16:42","modified_gmt":"2026-05-11T16:16:42","slug":"ty-pl-20","status":"publish","type":"page","link":"https:\/\/digitalbloke.com\/index.php\/ty-pl-20\/","title":{"rendered":"TY-PL-20"},"content":{"rendered":"\t\t<div data-elementor-type=\"wp-page\" data-elementor-id=\"317\" class=\"elementor elementor-317\" data-elementor-post-type=\"page\">\n\t\t\t\t<div class=\"elementor-element elementor-element-71f9cc8 e-flex e-con-boxed e-con e-parent\" data-id=\"71f9cc8\" data-element_type=\"container\" data-e-type=\"container\">\n\t\t\t\t\t<div class=\"e-con-inner\">\n\t\t\t\t<div class=\"elementor-element elementor-element-85916c6 elementor-widget elementor-widget-html\" data-id=\"85916c6\" data-element_type=\"widget\" data-e-type=\"widget\" data-widget_type=\"html.default\">\n\t\t\t\t\t<!-- Event snippet for Purchase conversion page -->\n<script>\n  gtag('event', 'conversion', {\n      'send_to': 'AW-18076414855\/C194CJv3rqccEIfnwKtD',\n      'value': 20.0,\n      'currency': 'USD',\n      'transaction_id': ''\n      \/\/ 'new_customer': true \/* calculate dynamically, populate with true\/false *\/,\n  });\n<\/script>\n\t\t\t\t<\/div>\n\t\t\t\t<div class=\"elementor-element elementor-element-ca15d0a elementor-widget elementor-widget-html\" data-id=\"ca15d0a\" data-element_type=\"widget\" data-e-type=\"widget\" data-widget_type=\"html.default\">\n\t\t\t\t\t<!DOCTYPE html>\n<html lang=\"pl\">\n<head>\n  <meta charset=\"UTF-8\">\n  <meta name=\"viewport\" content=\"width=device-width, initial-scale=1\">\n  <title>Dzi\u0119kujemy za Twoje zam\u00f3wienie!<\/title>\n  <style>\n    body{font-family:'Arial',sans-serif;background:#f8f8f8;margin:0;padding:0}\n    .thank-you-container{max-width:600px;margin:40px auto;background:#fff;border-radius:10px;padding:30px;box-shadow:0 0 15px rgba(0,0,0,.1);text-align:center}\n    .thank-you-container h2{color:#2c3e50;font-size:26px;margin-bottom:20px}\n    .highlight{background:#fff3cd;color:#856404;padding:15px;border-radius:8px;font-size:16px;margin-bottom:20px;line-height:1.5}\n    .highlight .warning{font-weight:bold;color:#d9534f}\n    .thank-you-container img{width:100%;max-width:400px;margin:20px auto;border-radius:10px}\n    .thank-you-container p{font-size:16px;color:#333;line-height:1.6}\n    .thank-you-container strong{color:#d9534f}\n  <\/style>\n<\/head>\n<body>\n  <div class=\"thank-you-container\">\n    <h2>DZI\u0118KUJEMY ZA TWOJE ZAM\u00d3WIENIE!<\/h2>\n    <div class=\"highlight\">\n      <span class=\"warning\">Uwaga:<\/span> Wkr\u00f3tce otrzymasz wiadomo\u015b\u0107 na <strong>WhatsApp<\/strong> oraz mo\u017cliwy telefon w celu potwierdzenia zam\u00f3wienia.<br>\n      <strong>Bez potwierdzenia produkt NIE zostanie wys\u0142any. Zgadzasz si\u0119?<\/strong><br>\n      Dzi\u0119kujemy za wyrozumia\u0142o\u015b\u0107!\n    <\/div>\n    <img decoding=\"async\" src=\"https:\/\/digitalbloke.com\/wp-content\/uploads\/2026\/05\/TYu.webp\" alt=\"Obs\u0142uga klienta\">\n    <p>Za kilka minut otrzymasz wiadomo\u015b\u0107 na <strong>WHATSAPP<\/strong> z dalszymi instrukcjami oraz mo\u017cliwy telefon w celu potwierdzenia podanych danych.<\/p>\n    <p><strong>Odpowiedz na wiadomo\u015b\u0107 na WhatsAppie, aby potwierdzi\u0107 zam\u00f3wienie.<\/strong><\/p>\n    <p>\u2764\ufe0f Dzi\u0119kujemy za zaufanie!<\/p>\n  <\/div>\n<\/body>\n<\/html>\t\t\t\t<\/div>\n\t\t\t\t\t<\/div>\n\t\t\t\t<\/div>\n\t\t\t\t<\/div>\n\t\t","protected":false},"excerpt":{"rendered":"<p>Dzi\u0119kujemy za Twoje zam\u00f3wienie! DZI\u0118KUJEMY ZA TWOJE ZAM\u00d3WIENIE! Uwaga: Wkr\u00f3tce otrzymasz wiadomo\u015b\u0107 na WhatsApp oraz mo\u017cliwy telefon w celu potwierdzenia zam\u00f3wienia. Bez potwierdzenia produkt NIE zostanie wys\u0142any. Zgadzasz si\u0119? Dzi\u0119kujemy za wyrozumia\u0142o\u015b\u0107! Za kilka minut otrzymasz wiadomo\u015b\u0107 na WHATSAPP z dalszymi instrukcjami oraz mo\u017cliwy telefon w celu potwierdzenia podanych danych. Odpowiedz na wiadomo\u015b\u0107 na WhatsAppie, [&hellip;]<\/p>\n","protected":false},"author":1,"featured_media":0,"parent":0,"menu_order":0,"comment_status":"closed","ping_status":"closed","template":"elementor_canvas","meta":{"footnotes":""},"class_list":["post-317","page","type-page","status-publish","hentry"],"_links":{"self":[{"href":"https:\/\/digitalbloke.com\/index.php\/wp-json\/wp\/v2\/pages\/317","targetHints":{"allow":["GET"]}}],"collection":[{"href":"https:\/\/digitalbloke.com\/index.php\/wp-json\/wp\/v2\/pages"}],"about":[{"href":"https:\/\/digitalbloke.com\/index.php\/wp-json\/wp\/v2\/types\/page"}],"author":[{"embeddable":true,"href":"https:\/\/digitalbloke.com\/index.php\/wp-json\/wp\/v2\/users\/1"}],"replies":[{"embeddable":true,"href":"https:\/\/digitalbloke.com\/index.php\/wp-json\/wp\/v2\/comments?post=317"}],"version-history":[{"count":4,"href":"https:\/\/digitalbloke.com\/index.php\/wp-json\/wp\/v2\/pages\/317\/revisions"}],"predecessor-version":[{"id":323,"href":"https:\/\/digitalbloke.com\/index.php\/wp-json\/wp\/v2\/pages\/317\/revisions\/323"}],"wp:attachment":[{"href":"https:\/\/digitalbloke.com\/index.php\/wp-json\/wp\/v2\/media?parent=317"}],"curies":[{"name":"wp","href":"https:\/\/api.w.org\/{rel}","templated":true}]}}