{"id":225,"date":"2026-05-07T09:14:11","date_gmt":"2026-05-07T09:14:11","guid":{"rendered":"https:\/\/digitalbloke.com\/?page_id=225"},"modified":"2026-05-07T09:15:41","modified_gmt":"2026-05-07T09:15:41","slug":"ty-de-20","status":"publish","type":"page","link":"https:\/\/digitalbloke.com\/index.php\/ty-de-20\/","title":{"rendered":"TY-DE-20"},"content":{"rendered":"\t\t<div data-elementor-type=\"wp-page\" data-elementor-id=\"225\" class=\"elementor elementor-225\" data-elementor-post-type=\"page\">\n\t\t\t\t<div class=\"elementor-element elementor-element-71f9cc8 e-flex e-con-boxed e-con e-parent\" data-id=\"71f9cc8\" data-element_type=\"container\" data-e-type=\"container\">\n\t\t\t\t\t<div class=\"e-con-inner\">\n\t\t\t\t<div class=\"elementor-element elementor-element-85916c6 elementor-widget elementor-widget-html\" data-id=\"85916c6\" data-element_type=\"widget\" data-e-type=\"widget\" data-widget_type=\"html.default\">\n\t\t\t\t\t<!-- Event snippet for Purchase conversion page -->\n<script>\n  gtag('event', 'conversion', {\n      'send_to': 'AW-18076414855\/C194CJv3rqccEIfnwKtD',\n      'value': 20.0,\n      'currency': 'USD',\n      'transaction_id': ''\n      \/\/ 'new_customer': true \/* calculate dynamically, populate with true\/false *\/,\n  });\n<\/script>\n\t\t\t\t<\/div>\n\t\t\t\t<div class=\"elementor-element elementor-element-ca15d0a elementor-widget elementor-widget-html\" data-id=\"ca15d0a\" data-element_type=\"widget\" data-e-type=\"widget\" data-widget_type=\"html.default\">\n\t\t\t\t\t<!DOCTYPE html>\n<html lang=\"de\">\n<head>\n  <meta charset=\"UTF-8\">\n  <meta name=\"viewport\" content=\"width=device-width, initial-scale=1\">\n  <title>Vielen Dank f\u00fcr Ihre Bestellung!<\/title>\n  <style>\n    body{font-family:'Arial',sans-serif;background:#f8f8f8;margin:0;padding:0}\n    .thank-you-container{max-width:600px;margin:40px auto;background:#fff;border-radius:10px;padding:30px;box-shadow:0 0 15px rgba(0,0,0,.1);text-align:center}\n    .thank-you-container h2{color:#2c3e50;font-size:26px;margin-bottom:20px}\n    .highlight{background:#fff3cd;color:#856404;padding:15px;border-radius:8px;font-size:16px;margin-bottom:20px;line-height:1.5}\n    .highlight .warning{font-weight:bold;color:#d9534f}\n    .thank-you-container img{width:100%;max-width:400px;margin:20px auto;border-radius:10px}\n    .thank-you-container p{font-size:16px;color:#333;line-height:1.6}\n    .thank-you-container strong{color:#d9534f}\n  <\/style>\n<\/head>\n<body>\n  <div class=\"thank-you-container\">\n    <h2>VIELEN DANK F\u00dcR IHRE BESTELLUNG!<\/h2>\n    <div class=\"highlight\">\n      <span class=\"warning\">Achtung:<\/span> Sie erhalten gleich eine Nachricht per <strong>WhatsApp<\/strong> und gegebenenfalls einen Anruf, um Ihre Bestellung zu best\u00e4tigen.<br>\n      <strong>Ohne diese Best\u00e4tigung wird das Produkt NICHT versendet. Einverstanden?<\/strong><br>\n      Vielen Dank f\u00fcr Ihr Verst\u00e4ndnis!\n    <\/div>\n    <img decoding=\"async\" src=\"https:\/\/digitalbloke.com\/wp-content\/uploads\/2026\/05\/TYu.webp\" alt=\"Kundenservice\">\n    <p>In wenigen Minuten erhalten Sie eine <strong>WHATSAPP-Nachricht<\/strong> mit weiteren Anweisungen, gefolgt von einem m\u00f6glichen Anruf, um die eingegebenen Daten zu best\u00e4tigen.<\/p>\n    <p><strong>Bitte antworten Sie im WhatsApp-Chat, um die Bestellung zu best\u00e4tigen.<\/strong><\/p>\n    <p>\u2764\ufe0f Vielen Dank f\u00fcr Ihr Vertrauen!<\/p>\n  <\/div>\n<\/body>\n<\/html>\t\t\t\t<\/div>\n\t\t\t\t\t<\/div>\n\t\t\t\t<\/div>\n\t\t\t\t<\/div>\n\t\t","protected":false},"excerpt":{"rendered":"<p>Vielen Dank f\u00fcr Ihre Bestellung! VIELEN DANK F\u00dcR IHRE BESTELLUNG! Achtung: Sie erhalten gleich eine Nachricht per WhatsApp und gegebenenfalls einen Anruf, um Ihre Bestellung zu best\u00e4tigen. Ohne diese Best\u00e4tigung wird das Produkt NICHT versendet. Einverstanden? Vielen Dank f\u00fcr Ihr Verst\u00e4ndnis! In wenigen Minuten erhalten Sie eine WHATSAPP-Nachricht mit weiteren Anweisungen, gefolgt von einem m\u00f6glichen [&hellip;]<\/p>\n","protected":false},"author":1,"featured_media":0,"parent":0,"menu_order":0,"comment_status":"closed","ping_status":"closed","template":"elementor_canvas","meta":{"footnotes":""},"class_list":["post-225","page","type-page","status-publish","hentry"],"_links":{"self":[{"href":"https:\/\/digitalbloke.com\/index.php\/wp-json\/wp\/v2\/pages\/225","targetHints":{"allow":["GET"]}}],"collection":[{"href":"https:\/\/digitalbloke.com\/index.php\/wp-json\/wp\/v2\/pages"}],"about":[{"href":"https:\/\/digitalbloke.com\/index.php\/wp-json\/wp\/v2\/types\/page"}],"author":[{"embeddable":true,"href":"https:\/\/digitalbloke.com\/index.php\/wp-json\/wp\/v2\/users\/1"}],"replies":[{"embeddable":true,"href":"https:\/\/digitalbloke.com\/index.php\/wp-json\/wp\/v2\/comments?post=225"}],"version-history":[{"count":4,"href":"https:\/\/digitalbloke.com\/index.php\/wp-json\/wp\/v2\/pages\/225\/revisions"}],"predecessor-version":[{"id":238,"href":"https:\/\/digitalbloke.com\/index.php\/wp-json\/wp\/v2\/pages\/225\/revisions\/238"}],"wp:attachment":[{"href":"https:\/\/digitalbloke.com\/index.php\/wp-json\/wp\/v2\/media?parent=225"}],"curies":[{"name":"wp","href":"https:\/\/api.w.org\/{rel}","templated":true}]}}