{"id":203,"date":"2026-05-07T08:58:25","date_gmt":"2026-05-07T08:58:25","guid":{"rendered":"https:\/\/digitalbloke.com\/?page_id=203"},"modified":"2026-05-07T09:06:14","modified_gmt":"2026-05-07T09:06:14","slug":"ty-pt-16","status":"publish","type":"page","link":"https:\/\/digitalbloke.com\/index.php\/ty-pt-16\/","title":{"rendered":"TY-PT-16"},"content":{"rendered":"\t\t<div data-elementor-type=\"wp-page\" data-elementor-id=\"203\" class=\"elementor elementor-203\" data-elementor-post-type=\"page\">\n\t\t\t\t<div class=\"elementor-element elementor-element-71f9cc8 e-flex e-con-boxed e-con e-parent\" data-id=\"71f9cc8\" data-element_type=\"container\" data-e-type=\"container\">\n\t\t\t\t\t<div class=\"e-con-inner\">\n\t\t\t\t<div class=\"elementor-element elementor-element-85916c6 elementor-widget elementor-widget-html\" data-id=\"85916c6\" data-element_type=\"widget\" data-e-type=\"widget\" data-widget_type=\"html.default\">\n\t\t\t\t\t<!-- Event snippet for Purchase conversion page -->\n<script>\n  gtag('event', 'conversion', {\n      'send_to': 'AW-18076414855\/C194CJv3rqccEIfnwKtD',\n      'value': 16.0,\n      'currency': 'USD',\n      'transaction_id': ''\n      \/\/ 'new_customer': true \/* calculate dynamically, populate with true\/false *\/,\n  });\n<\/script>\n\t\t\t\t<\/div>\n\t\t\t\t<div class=\"elementor-element elementor-element-ca15d0a elementor-widget elementor-widget-html\" data-id=\"ca15d0a\" data-element_type=\"widget\" data-e-type=\"widget\" data-widget_type=\"html.default\">\n\t\t\t\t\t<!DOCTYPE html>\n<html lang=\"pt\">\n<head>\n  <meta charset=\"UTF-8\">\n  <meta name=\"viewport\" content=\"width=device-width, initial-scale=1\">\n  <title>Obrigado pela sua encomenda!<\/title>\n  <style>\n    body{font-family:'Arial',sans-serif;background:#f8f8f8;margin:0;padding:0}\n    .thank-you-container{max-width:600px;margin:40px auto;background:#fff;border-radius:10px;padding:30px;box-shadow:0 0 15px rgba(0,0,0,.1);text-align:center}\n    .thank-you-container h2{color:#2c3e50;font-size:26px;margin-bottom:20px}\n    .highlight{background:#fff3cd;color:#856404;padding:15px;border-radius:8px;font-size:16px;margin-bottom:20px;line-height:1.5}\n    .highlight .warning{font-weight:bold;color:#d9534f}\n    .thank-you-container img{width:100%;max-width:400px;margin:20px auto;border-radius:10px}\n    .thank-you-container p{font-size:16px;color:#333;line-height:1.6}\n    .thank-you-container strong{color:#d9534f}\n  <\/style>\n<\/head>\n<body>\n  <div class=\"thank-you-container\">\n    <h2>OBRIGADO PELA SUA ENCOMENDA!<\/h2>\n    <div class=\"highlight\">\n      <span class=\"warning\">Aten\u00e7\u00e3o:<\/span> Ir\u00e1 receber uma mensagem pelo <strong>WhatsApp<\/strong> e, possivelmente, uma chamada telef\u00f3nica para confirmar a sua encomenda.<br>\n      <strong>Se n\u00e3o confirmar, o produto N\u00c3O ser\u00e1 enviado. De acordo?<\/strong><br>\n      Obrigado pela compreens\u00e3o!\n    <\/div>\n    <img decoding=\"async\" src=\"https:\/\/digitalbloke.com\/wp-content\/uploads\/2026\/05\/TYu.webp\" alt=\"Servi\u00e7o de apoio ao cliente\">\n    <p>Dentro de alguns minutos, receber\u00e1 uma mensagem no <strong>WHATSAPP<\/strong> com as instru\u00e7\u00f5es, seguida de uma poss\u00edvel chamada para confirmar os dados inseridos.<\/p>\n    <p><strong>Responda no chat do WhatsApp para confirmar a encomenda.<\/strong><\/p>\n    <p>\u2764\ufe0f Obrigado pela confian\u00e7a!<\/p>\n  <\/div>\n<\/body>\n<\/html>\t\t\t\t<\/div>\n\t\t\t\t\t<\/div>\n\t\t\t\t<\/div>\n\t\t\t\t<\/div>\n\t\t","protected":false},"excerpt":{"rendered":"<p>Obrigado pela sua encomenda! OBRIGADO PELA SUA ENCOMENDA! Aten\u00e7\u00e3o: Ir\u00e1 receber uma mensagem pelo WhatsApp e, possivelmente, uma chamada telef\u00f3nica para confirmar a sua encomenda. Se n\u00e3o confirmar, o produto N\u00c3O ser\u00e1 enviado. De acordo? Obrigado pela compreens\u00e3o! Dentro de alguns minutos, receber\u00e1 uma mensagem no WHATSAPP com as instru\u00e7\u00f5es, seguida de uma poss\u00edvel chamada [&hellip;]<\/p>\n","protected":false},"author":1,"featured_media":0,"parent":0,"menu_order":0,"comment_status":"closed","ping_status":"closed","template":"elementor_canvas","meta":{"footnotes":""},"class_list":["post-203","page","type-page","status-publish","hentry"],"_links":{"self":[{"href":"https:\/\/digitalbloke.com\/index.php\/wp-json\/wp\/v2\/pages\/203","targetHints":{"allow":["GET"]}}],"collection":[{"href":"https:\/\/digitalbloke.com\/index.php\/wp-json\/wp\/v2\/pages"}],"about":[{"href":"https:\/\/digitalbloke.com\/index.php\/wp-json\/wp\/v2\/types\/page"}],"author":[{"embeddable":true,"href":"https:\/\/digitalbloke.com\/index.php\/wp-json\/wp\/v2\/users\/1"}],"replies":[{"embeddable":true,"href":"https:\/\/digitalbloke.com\/index.php\/wp-json\/wp\/v2\/comments?post=203"}],"version-history":[{"count":4,"href":"https:\/\/digitalbloke.com\/index.php\/wp-json\/wp\/v2\/pages\/203\/revisions"}],"predecessor-version":[{"id":207,"href":"https:\/\/digitalbloke.com\/index.php\/wp-json\/wp\/v2\/pages\/203\/revisions\/207"}],"wp:attachment":[{"href":"https:\/\/digitalbloke.com\/index.php\/wp-json\/wp\/v2\/media?parent=203"}],"curies":[{"name":"wp","href":"https:\/\/api.w.org\/{rel}","templated":true}]}}