{"id":169,"date":"2026-05-05T07:34:40","date_gmt":"2026-05-05T07:34:40","guid":{"rendered":"https:\/\/digitalbloke.com\/?page_id=169"},"modified":"2026-05-05T07:38:42","modified_gmt":"2026-05-05T07:38:42","slug":"ty-lit-19","status":"publish","type":"page","link":"https:\/\/digitalbloke.com\/index.php\/ty-lit-19\/","title":{"rendered":"TY-LIT-19"},"content":{"rendered":"\t\t<div data-elementor-type=\"wp-page\" data-elementor-id=\"169\" class=\"elementor elementor-169\" data-elementor-post-type=\"page\">\n\t\t\t\t<div class=\"elementor-element elementor-element-71f9cc8 e-flex e-con-boxed e-con e-parent\" data-id=\"71f9cc8\" data-element_type=\"container\" data-e-type=\"container\">\n\t\t\t\t\t<div class=\"e-con-inner\">\n\t\t\t\t<div class=\"elementor-element elementor-element-85916c6 elementor-widget elementor-widget-html\" data-id=\"85916c6\" data-element_type=\"widget\" data-e-type=\"widget\" data-widget_type=\"html.default\">\n\t\t\t\t\t<!-- Event snippet for Purchase conversion page -->\n<script>\n  gtag('event', 'conversion', {\n      'send_to': 'AW-18076414855\/C194CJv3rqccEIfnwKtD',\n      'value': 19.0,\n      'currency': 'USD',\n      'transaction_id': ''\n      \/\/ 'new_customer': true \/* calculate dynamically, populate with true\/false *\/,\n  });\n<\/script>\n\t\t\t\t<\/div>\n\t\t\t\t<div class=\"elementor-element elementor-element-ca15d0a elementor-widget elementor-widget-html\" data-id=\"ca15d0a\" data-element_type=\"widget\" data-e-type=\"widget\" data-widget_type=\"html.default\">\n\t\t\t\t\t<!DOCTYPE html>\n<html lang=\"lt\">\n<head>\n  <meta charset=\"UTF-8\">\n  <meta name=\"viewport\" content=\"width=device-width, initial-scale=1\">\n  <title>A\u010di\u016b u\u017e j\u016bs\u0173 u\u017esakym\u0105!<\/title>\n  <style>\n    body{font-family:'Arial',sans-serif;background:#f8f8f8;margin:0;padding:0}\n    .thank-you-container{max-width:600px;margin:40px auto;background:#fff;border-radius:10px;padding:30px;box-shadow:0 0 15px rgba(0,0,0,.1);text-align:center}\n    .thank-you-container h2{color:#2c3e50;font-size:26px;margin-bottom:20px}\n    .highlight{background:#fff3cd;color:#856404;padding:15px;border-radius:8px;font-size:16px;margin-bottom:20px;line-height:1.5}\n    .highlight .warning{font-weight:bold;color:#d9534f}\n    .thank-you-container img{width:100%;max-width:400px;margin:20px auto;border-radius:10px}\n    .thank-you-container p{font-size:16px;color:#333;line-height:1.6}\n    .thank-you-container strong{color:#d9534f}\n  <\/style>\n<\/head>\n<body>\n  <div class=\"thank-you-container\">\n    <h2>A\u010cI\u016a U\u017d J\u016aS\u0172 U\u017dSAKYM\u0104!<\/h2>\n    <div class=\"highlight\">\n      <span class=\"warning\">D\u0117mesio:<\/span> J\u016bs gausite \u017einut\u0119 per <strong>WhatsApp<\/strong> ir, jei reik\u0117s, skambut\u012f u\u017esakymo patvirtinimui.<br>\n      <strong>Jei nepatvirtinsite, prek\u0117 NEBUS i\u0161si\u0173sta. Gerai?<\/strong><br>\n      D\u0117kojame u\u017e supratingum\u0105!\n    <\/div>\n    <img decoding=\"async\" src=\"https:\/\/digitalbloke.com\/wp-content\/uploads\/2026\/05\/TYu.webp\" alt=\"Klient\u0173 aptarnavimas\">\n    <p>Po keli\u0173 minu\u010di\u0173 gausite \u017einut\u0119 per <strong>WHATSAPP<\/strong> su instrukcijomis, o v\u0117liau galim\u0105 skambut\u012f duomen\u0173 patvirtinimui.<\/p>\n    <p><strong>Atsakykite \u012f WhatsApp \u017einut\u0119, kad patvirtintum\u0117te u\u017esakym\u0105.<\/strong><\/p>\n    <p>\u2764\ufe0f A\u010di\u016b u\u017e pasitik\u0117jim\u0105!<\/p>\n  <\/div>\n<\/body>\n<\/html>\t\t\t\t<\/div>\n\t\t\t\t\t<\/div>\n\t\t\t\t<\/div>\n\t\t\t\t<\/div>\n\t\t","protected":false},"excerpt":{"rendered":"<p>A\u010di\u016b u\u017e j\u016bs\u0173 u\u017esakym\u0105! A\u010cI\u016a U\u017d J\u016aS\u0172 U\u017dSAKYM\u0104! D\u0117mesio: J\u016bs gausite \u017einut\u0119 per WhatsApp ir, jei reik\u0117s, skambut\u012f u\u017esakymo patvirtinimui. Jei nepatvirtinsite, prek\u0117 NEBUS i\u0161si\u0173sta. Gerai? D\u0117kojame u\u017e supratingum\u0105! Po keli\u0173 minu\u010di\u0173 gausite \u017einut\u0119 per WHATSAPP su instrukcijomis, o v\u0117liau galim\u0105 skambut\u012f duomen\u0173 patvirtinimui. Atsakykite \u012f WhatsApp \u017einut\u0119, kad patvirtintum\u0117te u\u017esakym\u0105. \u2764\ufe0f A\u010di\u016b u\u017e pasitik\u0117jim\u0105!<\/p>\n","protected":false},"author":1,"featured_media":0,"parent":0,"menu_order":0,"comment_status":"closed","ping_status":"closed","template":"elementor_canvas","meta":{"footnotes":""},"class_list":["post-169","page","type-page","status-publish","hentry"],"_links":{"self":[{"href":"https:\/\/digitalbloke.com\/index.php\/wp-json\/wp\/v2\/pages\/169","targetHints":{"allow":["GET"]}}],"collection":[{"href":"https:\/\/digitalbloke.com\/index.php\/wp-json\/wp\/v2\/pages"}],"about":[{"href":"https:\/\/digitalbloke.com\/index.php\/wp-json\/wp\/v2\/types\/page"}],"author":[{"embeddable":true,"href":"https:\/\/digitalbloke.com\/index.php\/wp-json\/wp\/v2\/users\/1"}],"replies":[{"embeddable":true,"href":"https:\/\/digitalbloke.com\/index.php\/wp-json\/wp\/v2\/comments?post=169"}],"version-history":[{"count":4,"href":"https:\/\/digitalbloke.com\/index.php\/wp-json\/wp\/v2\/pages\/169\/revisions"}],"predecessor-version":[{"id":179,"href":"https:\/\/digitalbloke.com\/index.php\/wp-json\/wp\/v2\/pages\/169\/revisions\/179"}],"wp:attachment":[{"href":"https:\/\/digitalbloke.com\/index.php\/wp-json\/wp\/v2\/media?parent=169"}],"curies":[{"name":"wp","href":"https:\/\/api.w.org\/{rel}","templated":true}]}}